{"id":784,"date":"2021-10-12T09:47:46","date_gmt":"2021-10-12T07:47:46","guid":{"rendered":"https:\/\/g4.fr\/mentions-legales\/"},"modified":"2021-10-22T14:46:31","modified_gmt":"2021-10-22T12:46:31","slug":"legal-notice","status":"publish","type":"page","link":"https:\/\/g4.fr\/en\/legal-notice\/","title":{"rendered":"Legal notice"},"content":{"rendered":"\n<h3 class=\"wp-block-heading\">\u00c9diteur du site :<\/h3>\n\n\n\n<p>G4, 4 bd voltaire &#8211; 91290 ARPAJON &#8211; FRANCE<br>SIRET : 487 945 453 00024<br>Responsable de l&#8217;\u00e9dition : Vincent GAUTIER<\/p>\n\n\n\n<h3 class=\"wp-block-heading\">H\u00e9bergeur :<\/h3>\n\n\n\n<p>OVH, 2 rue Lellermann 59100 ROUBAIX &#8211; FRANCE<br>Num\u00e9ro unique et gratuit : <a href=\"tel:+1007\">1007<\/a><\/p>\n\n\n\n<h3 class=\"wp-block-heading\">Conception graphique :<\/h3>\n\n\n\n<figure class=\"wp-block-image size-full\"><img loading=\"lazy\" decoding=\"async\" width=\"200\" height=\"333\" src=\"https:\/\/g4.fr\/site_g4_2021\/wp-content\/uploads\/logo-dconseils-200x333-1.png\" alt=\"\" class=\"wp-image-697\" srcset=\"https:\/\/g4.fr\/site_g4_2021\/wp-content\/uploads\/logo-dconseils-200x333-1.png 200w, https:\/\/g4.fr\/site_g4_2021\/wp-content\/uploads\/logo-dconseils-200x333-1-180x300.png 180w, https:\/\/g4.fr\/site_g4_2021\/wp-content\/uploads\/logo-dconseils-200x333-1-112x187.png 112w\" sizes=\"auto, (max-width: 200px) 100vw, 200px\" \/><figcaption><a href=\"https:\/\/www.dconseils-crea.com\/\" target=\"_blank\" rel=\"noreferrer noopener\">https:\/\/www.dconseils-crea.com\/<\/a><\/figcaption><\/figure>\n\n\n\n<p><a href=\"https:\/\/www.dconseils-crea.com\/\" target=\"_blank\" rel=\"noreferrer noopener\">www.dconseils-crea.com<\/a><\/p>\n\n\n\n<h3 class=\"wp-block-heading\">D\u00e9veloppement du site :<\/h3>\n\n\n\n<figure class=\"wp-block-image size-full\"><img decoding=\"async\" src=\"https:\/\/g4.fr\/site_g4_2021\/wp-content\/uploads\/logo-kerno.svg\" alt=\"\" class=\"wp-image-698\"\/><\/figure>\n","protected":false},"excerpt":{"rendered":"<p>\u00c9diteur du site : G4, 4 bd voltaire &#8211; 91290 ARPAJON &#8211; FRANCESIRET : 487 945 453 00024Responsable de l&#8217;\u00e9dition : Vincent GAUTIER H\u00e9bergeur : OVH, 2 rue Lellermann 59100 ROUBAIX &#8211; FRANCENum\u00e9ro unique et gratuit : 1007 Conception graphique : www.dconseils-crea.com D\u00e9veloppement du site :<\/p>\n","protected":false},"author":1,"featured_media":0,"parent":0,"menu_order":99,"comment_status":"closed","ping_status":"closed","template":"","meta":{"footnotes":""},"class_list":["post-784","page","type-page","status-publish","hentry"],"yoast_head":"<!-- This site is optimized with the Yoast SEO plugin v27.3 - https:\/\/yoast.com\/product\/yoast-seo-wordpress\/ -->\n<title>Legal notice - G4<\/title>\n<meta name=\"robots\" content=\"index, follow, max-snippet:-1, max-image-preview:large, max-video-preview:-1\" \/>\n<link rel=\"canonical\" href=\"https:\/\/g4.fr\/en\/legal-notice\/\" \/>\n<meta property=\"og:locale\" content=\"en_US\" \/>\n<meta property=\"og:type\" content=\"article\" \/>\n<meta property=\"og:title\" content=\"Legal notice - G4\" \/>\n<meta property=\"og:description\" content=\"\u00c9diteur du site : G4, 4 bd voltaire &#8211; 91290 ARPAJON &#8211; FRANCESIRET : 487 945 453 00024Responsable de l&#8217;\u00e9dition : Vincent GAUTIER H\u00e9bergeur : OVH, 2 rue Lellermann 59100 ROUBAIX &#8211; FRANCENum\u00e9ro unique et gratuit : 1007 Conception graphique : www.dconseils-crea.com D\u00e9veloppement du site :\" \/>\n<meta property=\"og:url\" content=\"https:\/\/g4.fr\/en\/legal-notice\/\" \/>\n<meta property=\"og:site_name\" content=\"G4\" \/>\n<meta property=\"article:modified_time\" content=\"2021-10-22T12:46:31+00:00\" \/>\n<meta property=\"og:image\" content=\"https:\/\/g4.fr\/site_g4_2021\/wp-content\/uploads\/logo-dconseils-200x333-1.png\" \/>\n<meta name=\"twitter:card\" content=\"summary_large_image\" \/>\n<script type=\"application\/ld+json\" class=\"yoast-schema-graph\">{\"@context\":\"https:\\\/\\\/schema.org\",\"@graph\":[{\"@type\":\"WebPage\",\"@id\":\"https:\\\/\\\/g4.fr\\\/en\\\/legal-notice\\\/\",\"url\":\"https:\\\/\\\/g4.fr\\\/en\\\/legal-notice\\\/\",\"name\":\"Legal notice - G4\",\"isPartOf\":{\"@id\":\"https:\\\/\\\/g4.fr\\\/en\\\/#website\"},\"primaryImageOfPage\":{\"@id\":\"https:\\\/\\\/g4.fr\\\/en\\\/legal-notice\\\/#primaryimage\"},\"image\":{\"@id\":\"https:\\\/\\\/g4.fr\\\/en\\\/legal-notice\\\/#primaryimage\"},\"thumbnailUrl\":\"https:\\\/\\\/g4.fr\\\/site_g4_2021\\\/wp-content\\\/uploads\\\/logo-dconseils-200x333-1.png\",\"datePublished\":\"2021-10-12T07:47:46+00:00\",\"dateModified\":\"2021-10-22T12:46:31+00:00\",\"breadcrumb\":{\"@id\":\"https:\\\/\\\/g4.fr\\\/en\\\/legal-notice\\\/#breadcrumb\"},\"inLanguage\":\"en-US\",\"potentialAction\":[{\"@type\":\"ReadAction\",\"target\":[\"https:\\\/\\\/g4.fr\\\/en\\\/legal-notice\\\/\"]}]},{\"@type\":\"ImageObject\",\"inLanguage\":\"en-US\",\"@id\":\"https:\\\/\\\/g4.fr\\\/en\\\/legal-notice\\\/#primaryimage\",\"url\":\"https:\\\/\\\/g4.fr\\\/site_g4_2021\\\/wp-content\\\/uploads\\\/logo-dconseils-200x333-1.png\",\"contentUrl\":\"https:\\\/\\\/g4.fr\\\/site_g4_2021\\\/wp-content\\\/uploads\\\/logo-dconseils-200x333-1.png\"},{\"@type\":\"BreadcrumbList\",\"@id\":\"https:\\\/\\\/g4.fr\\\/en\\\/legal-notice\\\/#breadcrumb\",\"itemListElement\":[{\"@type\":\"ListItem\",\"position\":1,\"name\":\"Accueil\",\"item\":\"https:\\\/\\\/g4.fr\\\/en\\\/home\\\/\"},{\"@type\":\"ListItem\",\"position\":2,\"name\":\"Legal notice\"}]},{\"@type\":\"WebSite\",\"@id\":\"https:\\\/\\\/g4.fr\\\/en\\\/#website\",\"url\":\"https:\\\/\\\/g4.fr\\\/en\\\/\",\"name\":\"G4\",\"description\":\"Diffuser l&#039;information pour booster votre comp\u00e9titivit\u00e9\",\"publisher\":{\"@id\":\"https:\\\/\\\/g4.fr\\\/en\\\/#organization\"},\"potentialAction\":[{\"@type\":\"SearchAction\",\"target\":{\"@type\":\"EntryPoint\",\"urlTemplate\":\"https:\\\/\\\/g4.fr\\\/en\\\/?s={search_term_string}\"},\"query-input\":{\"@type\":\"PropertyValueSpecification\",\"valueRequired\":true,\"valueName\":\"search_term_string\"}}],\"inLanguage\":\"en-US\"},{\"@type\":\"Organization\",\"@id\":\"https:\\\/\\\/g4.fr\\\/en\\\/#organization\",\"name\":\"G4\",\"url\":\"https:\\\/\\\/g4.fr\\\/en\\\/\",\"logo\":{\"@type\":\"ImageObject\",\"inLanguage\":\"en-US\",\"@id\":\"https:\\\/\\\/g4.fr\\\/en\\\/#\\\/schema\\\/logo\\\/image\\\/\",\"url\":\"https:\\\/\\\/g4.fr\\\/site_g4_2021\\\/wp-content\\\/uploads\\\/favicon-g4-fond.png\",\"contentUrl\":\"https:\\\/\\\/g4.fr\\\/site_g4_2021\\\/wp-content\\\/uploads\\\/favicon-g4-fond.png\",\"width\":512,\"height\":512,\"caption\":\"G4\"},\"image\":{\"@id\":\"https:\\\/\\\/g4.fr\\\/en\\\/#\\\/schema\\\/logo\\\/image\\\/\"},\"sameAs\":[\"https:\\\/\\\/www.linkedin.com\\\/company\\\/g4erp\\\/\",\"https:\\\/\\\/www.youtube.com\\\/channel\\\/UCi-9snTgWBT7YR6bcbbMORA\"]}]}<\/script>\n<!-- \/ Yoast SEO plugin. -->","yoast_head_json":{"title":"Legal notice - G4","robots":{"index":"index","follow":"follow","max-snippet":"max-snippet:-1","max-image-preview":"max-image-preview:large","max-video-preview":"max-video-preview:-1"},"canonical":"https:\/\/g4.fr\/en\/legal-notice\/","og_locale":"en_US","og_type":"article","og_title":"Legal notice - G4","og_description":"\u00c9diteur du site : G4, 4 bd voltaire &#8211; 91290 ARPAJON &#8211; FRANCESIRET : 487 945 453 00024Responsable de l&#8217;\u00e9dition : Vincent GAUTIER H\u00e9bergeur : OVH, 2 rue Lellermann 59100 ROUBAIX &#8211; FRANCENum\u00e9ro unique et gratuit : 1007 Conception graphique : www.dconseils-crea.com D\u00e9veloppement du site :","og_url":"https:\/\/g4.fr\/en\/legal-notice\/","og_site_name":"G4","article_modified_time":"2021-10-22T12:46:31+00:00","og_image":[{"url":"https:\/\/g4.fr\/site_g4_2021\/wp-content\/uploads\/logo-dconseils-200x333-1.png","type":"","width":"","height":""}],"twitter_card":"summary_large_image","schema":{"@context":"https:\/\/schema.org","@graph":[{"@type":"WebPage","@id":"https:\/\/g4.fr\/en\/legal-notice\/","url":"https:\/\/g4.fr\/en\/legal-notice\/","name":"Legal notice - G4","isPartOf":{"@id":"https:\/\/g4.fr\/en\/#website"},"primaryImageOfPage":{"@id":"https:\/\/g4.fr\/en\/legal-notice\/#primaryimage"},"image":{"@id":"https:\/\/g4.fr\/en\/legal-notice\/#primaryimage"},"thumbnailUrl":"https:\/\/g4.fr\/site_g4_2021\/wp-content\/uploads\/logo-dconseils-200x333-1.png","datePublished":"2021-10-12T07:47:46+00:00","dateModified":"2021-10-22T12:46:31+00:00","breadcrumb":{"@id":"https:\/\/g4.fr\/en\/legal-notice\/#breadcrumb"},"inLanguage":"en-US","potentialAction":[{"@type":"ReadAction","target":["https:\/\/g4.fr\/en\/legal-notice\/"]}]},{"@type":"ImageObject","inLanguage":"en-US","@id":"https:\/\/g4.fr\/en\/legal-notice\/#primaryimage","url":"https:\/\/g4.fr\/site_g4_2021\/wp-content\/uploads\/logo-dconseils-200x333-1.png","contentUrl":"https:\/\/g4.fr\/site_g4_2021\/wp-content\/uploads\/logo-dconseils-200x333-1.png"},{"@type":"BreadcrumbList","@id":"https:\/\/g4.fr\/en\/legal-notice\/#breadcrumb","itemListElement":[{"@type":"ListItem","position":1,"name":"Accueil","item":"https:\/\/g4.fr\/en\/home\/"},{"@type":"ListItem","position":2,"name":"Legal notice"}]},{"@type":"WebSite","@id":"https:\/\/g4.fr\/en\/#website","url":"https:\/\/g4.fr\/en\/","name":"G4","description":"Diffuser l&#039;information pour booster votre comp\u00e9titivit\u00e9","publisher":{"@id":"https:\/\/g4.fr\/en\/#organization"},"potentialAction":[{"@type":"SearchAction","target":{"@type":"EntryPoint","urlTemplate":"https:\/\/g4.fr\/en\/?s={search_term_string}"},"query-input":{"@type":"PropertyValueSpecification","valueRequired":true,"valueName":"search_term_string"}}],"inLanguage":"en-US"},{"@type":"Organization","@id":"https:\/\/g4.fr\/en\/#organization","name":"G4","url":"https:\/\/g4.fr\/en\/","logo":{"@type":"ImageObject","inLanguage":"en-US","@id":"https:\/\/g4.fr\/en\/#\/schema\/logo\/image\/","url":"https:\/\/g4.fr\/site_g4_2021\/wp-content\/uploads\/favicon-g4-fond.png","contentUrl":"https:\/\/g4.fr\/site_g4_2021\/wp-content\/uploads\/favicon-g4-fond.png","width":512,"height":512,"caption":"G4"},"image":{"@id":"https:\/\/g4.fr\/en\/#\/schema\/logo\/image\/"},"sameAs":["https:\/\/www.linkedin.com\/company\/g4erp\/","https:\/\/www.youtube.com\/channel\/UCi-9snTgWBT7YR6bcbbMORA"]}]}},"_links":{"self":[{"href":"https:\/\/g4.fr\/en\/wp-json\/wp\/v2\/pages\/784","targetHints":{"allow":["GET"]}}],"collection":[{"href":"https:\/\/g4.fr\/en\/wp-json\/wp\/v2\/pages"}],"about":[{"href":"https:\/\/g4.fr\/en\/wp-json\/wp\/v2\/types\/page"}],"author":[{"embeddable":true,"href":"https:\/\/g4.fr\/en\/wp-json\/wp\/v2\/users\/1"}],"replies":[{"embeddable":true,"href":"https:\/\/g4.fr\/en\/wp-json\/wp\/v2\/comments?post=784"}],"version-history":[{"count":0,"href":"https:\/\/g4.fr\/en\/wp-json\/wp\/v2\/pages\/784\/revisions"}],"wp:attachment":[{"href":"https:\/\/g4.fr\/en\/wp-json\/wp\/v2\/media?parent=784"}],"curies":[{"name":"wp","href":"https:\/\/api.w.org\/{rel}","templated":true}]}}